{"id":2860,"date":"2018-11-09T07:03:53","date_gmt":"2018-11-09T07:03:53","guid":{"rendered":"https:\/\/www.agriturismoilcasale.net\/il-casale\/"},"modified":"2019-02-21T15:47:34","modified_gmt":"2019-02-21T14:47:34","slug":"il-casale","status":"publish","type":"page","link":"https:\/\/www.agriturismoilcasale.net\/de\/il-casale\/","title":{"rendered":"Il Casale-de"},"content":{"rendered":"<section class=\"wpb-content-wrapper\"><p>[vc_row full_width=&#8220;stretch_row&#8220; parallax=&#8220;content-moving&#8220; parallax_image=&#8220;2183&#8243; css=&#8220;.vc_custom_1541776767222{margin-top: 0px !important;padding-top: 120px !important;padding-bottom: 220px !important;}&#8220; el_class=&#8220;nd_options_vc_parallax_filter_1_3&#8243;][vc_column width=&#8220;1\/6&#8243;][\/vc_column][vc_column width=&#8220;2\/3&#8243; el_class=&#8220;nd_options_text_align_center&#8220;] <h1 style=\"color:#ffffff;padding:px;text-align:center;font-size:50px;line-height:50px;letter-spacing: px;font-weight:normal\" class=\"  nd_options_font_size_40_important_all_iphone nd_options_first_font \">FERIENBAUERNHOF IL CASALE<\/h1> <div style=\"background-color:;height: 30px\" class=\"nicdark_section  \"><\/div> <p style=\"color:#ffffff;padding:px;text-align:center;font-size:13px;line-height:25px;letter-spacing: 3px;font-weight:lighter\" class=\"   nd_options_second_font \">WIR BEM\u00dcHEN UNS, IHNEN EINEN SEHR ANGENEHMEN AUFENTHALT IN EINEM DER BESTEN FERIENBAUERNH\u00d6FE IN DEN MARKEN ANZUBIETEN.<\/p> <div style=\"background-color:;height: 30px\" class=\"nicdark_section  \"><\/div>[vc_single_image image=&#8220;2181&#8243; img_size=&#8220;full&#8220; alignment=&#8220;center&#8220;][\/vc_column][vc_column width=&#8220;1\/6&#8243;][\/vc_column][\/vc_row][vc_row css=&#8220;.vc_custom_1492506857762{margin-top: 35px !important;}&#8220;][vc_column width=&#8220;1\/2&#8243;][vc_column_text]<\/p>\n<div align=\"justify\">\n<p>Wir haben die gesamte Struktur so konzipiert, dass sie f\u00fcr verschiedene Anl\u00e4sse oder wichtige Veranstaltungen geeignet ist, aber vor allem dass Sie einen angenehmen Urlaub mit Ihrer Familie und Ihren Freunden v\u00f6llig entspannt verbringen k\u00f6nnen.<\/p>\n<p>&nbsp;<\/p>\n<p>Unser Standort ist bis ins Detail geplant. Wir haben aus einem alten Steinbauernhof, mitten im Gr\u00fcnen der Marken, ein pr\u00e4chtiges Geb\u00e4ude erschaffen, das reich an Komfort und in Harmonie mit der Landschaft ist, die es umgibt. Unsere Zimmer und Apartments sind mit Telefon, Fernsehern, Duschen, Waterform- oder Federkernmatratzen, Klimaanlage und unabh\u00e4ngigen Eing\u00e4ngen ausgestattet. Sie k\u00f6nnen den Internetanschluss im gesamten Bereich nutzen, von den Zimmern \u00fcber die Apartments bis hin zum Au\u00dfenpool.\n<\/p><\/div>\n<p>[\/vc_column_text][\/vc_column][vc_column width=&#8220;1\/2&#8243;][vc_column_text]<\/p>\n<div align=\"justify\">\nSie k\u00f6nnen unsere K\u00fcche genie\u00dfen und Ihren Gaumen mit aufwendigen Gerichten von hohem kulinarischem Niveau verw\u00f6hnen, die nach traditionellen Rezepten der Marken zubereitet werden.<br \/>\n&nbsp;<\/p>\n<p>Wir lieben die Entspannung in der Natur und das gute Essen.<br \/>\nWir freuen uns, Ihnen diese zu sehr attraktiven Preisen anzubieten. <\/p>\n<\/div>\n<p>[\/vc_column_text][\/vc_column][\/vc_row][vc_row][vc_column][vc_column_text]<\/p>\n<p style=\"text-align: center;\">Wir w\u00fcrden uns freuen, Sie bei uns als Gast begr\u00fc\u00dfen zu k\u00f6nnen.<\/p>\n<p style=\"text-align: center;\"><em><strong>Die Direktion<\/strong><\/em><\/p>\n<p>[\/vc_column_text][\/vc_column][\/vc_row]<\/p>\n<\/section>","protected":false},"excerpt":{"rendered":"<p>[vc_row full_width=&#8220;stretch_row&#8220; parallax=&#8220;content-moving&#8220; parallax_image=&#8220;2183&#8243; css=&#8220;.vc_custom_1541776767222{margin-top: 0px !important;padding-top: 120px !important;padding-bottom: 220px !important;}&#8220; el_class=&#8220;nd_options_vc_parallax_filter_1_3&#8243;][vc_column width=&#8220;1\/6&#8243;][\/vc_column][vc_column width=&#8220;2\/3&#8243; el_class=&#8220;nd_options_text_align_center&#8220;][vc_single_image image=&#8220;2181&#8243; img_size=&#8220;full&#8220; alignment=&#8220;center&#8220;][\/vc_column][vc_column width=&#8220;1\/6&#8243;][\/vc_column][\/vc_row][vc_row css=&#8220;.vc_custom_1492506857762{margin-top: 35px !important;}&#8220;][vc_column width=&#8220;1\/2&#8243;][vc_column_text] Wir haben die gesamte Struktur so konzipiert, dass sie f\u00fcr verschiedene Anl\u00e4sse oder wichtige Veranstaltungen geeignet ist, aber vor allem dass Sie einen angenehmen Urlaub mit Ihrer Familie und Ihren Freunden v\u00f6llig [&hellip;]<\/p>\n","protected":false},"author":1,"featured_media":0,"parent":0,"menu_order":0,"comment_status":"closed","ping_status":"closed","template":"","meta":{"footnotes":""},"jetpack_sharing_enabled":true,"_links":{"self":[{"href":"https:\/\/www.agriturismoilcasale.net\/de\/wp-json\/wp\/v2\/pages\/2860\/"}],"collection":[{"href":"https:\/\/www.agriturismoilcasale.net\/de\/wp-json\/wp\/v2\/pages\/"}],"about":[{"href":"https:\/\/www.agriturismoilcasale.net\/de\/wp-json\/wp\/v2\/types\/page\/"}],"author":[{"embeddable":true,"href":"https:\/\/www.agriturismoilcasale.net\/de\/wp-json\/wp\/v2\/users\/1\/"}],"replies":[{"embeddable":true,"href":"https:\/\/www.agriturismoilcasale.net\/de\/wp-json\/wp\/v2\/comments\/?post=2860"}],"version-history":[{"count":3,"href":"https:\/\/www.agriturismoilcasale.net\/de\/wp-json\/wp\/v2\/pages\/2860\/revisions\/"}],"predecessor-version":[{"id":2940,"href":"https:\/\/www.agriturismoilcasale.net\/de\/wp-json\/wp\/v2\/pages\/2860\/revisions\/2940\/"}],"wp:attachment":[{"href":"https:\/\/www.agriturismoilcasale.net\/de\/wp-json\/wp\/v2\/media\/?parent=2860"}],"curies":[{"name":"wp","href":"https:\/\/api.w.org\/{rel}","templated":true}]}}