{"id":2870,"date":"2017-07-19T09:14:34","date_gmt":"2017-07-19T09:14:34","guid":{"rendered":"https:\/\/www.agriturismoilcasale.net\/servizi\/"},"modified":"2019-09-03T14:33:55","modified_gmt":"2019-09-03T12:33:55","slug":"ausstattung","status":"publish","type":"page","link":"https:\/\/www.agriturismoilcasale.net\/de\/ausstattung\/","title":{"rendered":"Ausstattung"},"content":{"rendered":"<section class=\"wpb-content-wrapper\"><p>[vc_row full_width=&#8220;stretch_row&#8220;][vc_column] <h1 style=\"color:;padding:px;text-align:center;font-size:55px;line-height:55px;letter-spacing: px;font-weight:normal\" class=\"  nd_options_font_size_40_important_all_iphone nd_options_line_height_40_important_all_iphone nd_options_first_font \">Wir bieten unter anderem<\/h1> <div style=\"background-color:;height: 35px\" class=\"nicdark_section  \"><\/div>[\/vc_column][\/vc_row][vc_row css=&#8220;.vc_custom_1485535037496{margin-top: 50px !important;}&#8220;][vc_column width=&#8220;1\/4&#8243;]<div style=\"background-color:;height: 10px\" class=\"nicdark_section  \"><\/div>\n\n    <div class=\"nd_options_section  nd_options_text_align_center \">\n\n        <img decoding=\"async\" style=\"margin-top:px\" alt=\"\" width=\"50\" src=\"https:\/\/www.agriturismoilcasale.net\/wp-content\/uploads\/2017\/07\/icon-14-1.png\">\n\n        <div class=\"nd_options_section nd_options_box_sizing_border_box\">\n            \n            <h3 class=\"nd_options_first_font  \" style=\"margin:10px 0px 0px 0px;color:;font-size:25px;line-height:25px\">Au\u00dfenpool<\/h3> \n            <p class=\"nd_options_second_font  \" style=\"margin:20px 0px;color:;font-size:14px;line-height:24px\">Umz\u00e4umtes Au\u00dfenpool (saisonbedingt) mit Sonnenschirmen, Liegen\/St\u00fchlen, Badet\u00fcchern, Aussicht<\/p> \n            \n\n        <\/div>\n\n    <\/div>\n\n  <div style=\"background-color:;height: 10px\" class=\"nicdark_section  \"><\/div>[\/vc_column][vc_column width=&#8220;1\/4&#8243;]<div style=\"background-color:;height: 10px\" class=\"nicdark_section  \"><\/div>\n\n    <div class=\"nd_options_section  nd_options_text_align_center \">\n\n        <img decoding=\"async\" style=\"margin-top:px\" alt=\"\" width=\"50\" src=\"https:\/\/www.agriturismoilcasale.net\/wp-content\/uploads\/2018\/11\/icon-parking.png\">\n\n        <div class=\"nd_options_section nd_options_box_sizing_border_box\">\n            \n            <h3 class=\"nd_options_first_font  \" style=\"margin:10px 0px 0px 0px;color:;font-size:25px;line-height:25px\">Parkplatz<\/h3> \n            <p class=\"nd_options_second_font  \" style=\"margin:20px 0px;color:;font-size:14px;line-height:24px\">Gro\u00dfer Parkplatz f\u00fcr Personenwagen und Motorr\u00e4der innerhalb des Gel\u00e4ndes nur wenige Schritte vom Geb\u00e4ude entfernt.<\/p> \n            \n\n        <\/div>\n\n    <\/div>\n\n  <div style=\"background-color:;height: 10px\" class=\"nicdark_section  \"><\/div>[\/vc_column][vc_column width=&#8220;1\/4&#8243;]<div style=\"background-color:;height: 10px\" class=\"nicdark_section  \"><\/div>\n\n    <div class=\"nd_options_section  nd_options_text_align_center \">\n\n        <img decoding=\"async\" style=\"margin-top:px\" alt=\"\" width=\"50\" src=\"https:\/\/www.agriturismoilcasale.net\/wp-content\/uploads\/2018\/11\/icon-SPA.png\">\n\n        <div class=\"nd_options_section nd_options_box_sizing_border_box\">\n            \n            <h3 class=\"nd_options_first_font  \" style=\"margin:10px 0px 0px 0px;color:;font-size:25px;line-height:25px\">Wellnessbereich<\/h3> \n            <p class=\"nd_options_second_font  \" style=\"margin:20px 0px;color:;font-size:14px;line-height:24px\">Kalt- und Warmwasserb\u00e4der, Massage, Dampfbad und verschiedene K\u00f6rper- und Gesichtsbehandlungen.<\/p> \n            \n\n        <\/div>\n\n    <\/div>\n\n  <div style=\"background-color:;height: 10px\" class=\"nicdark_section  \"><\/div>[\/vc_column][vc_column width=&#8220;1\/4&#8243;]<div style=\"background-color:;height: 10px\" class=\"nicdark_section  \"><\/div>\n\n    <div class=\"nd_options_section  nd_options_text_align_center \">\n\n        <img decoding=\"async\" style=\"margin-top:px\" alt=\"\" width=\"50\" src=\"https:\/\/www.agriturismoilcasale.net\/wp-content\/uploads\/2017\/07\/icon-12-1.png\">\n\n        <div class=\"nd_options_section nd_options_box_sizing_border_box\">\n            \n            <h3 class=\"nd_options_first_font  \" style=\"margin:10px 0px 0px 0px;color:;font-size:25px;line-height:25px\">WLAN<\/h3> \n            <p class=\"nd_options_second_font  \" style=\"margin:20px 0px;color:;font-size:14px;line-height:24px\">Kostenlose Internetverbindung im gesamten Bereich rund um die Uhr<\/p> \n            \n\n        <\/div>\n\n    <\/div>\n\n  <div style=\"background-color:;height: 10px\" class=\"nicdark_section  \"><\/div>[\/vc_column][\/vc_row][vc_row css=&#8220;.vc_custom_1485535037496{margin-top: 50px !important;}&#8220;][vc_column width=&#8220;1\/3&#8243;][vc_cta h2=&#8220;LA PERLA&#8220; h4=&#8220;WELLNESSBEREICH&#8220; txt_align=&#8220;center&#8220; shape=&#8220;square&#8220; style=&#8220;flat&#8220; color=&#8220;chino&#8220; add_button=&#8220;bottom&#8220; btn_title=&#8220;MEHR ERFAHREN&#8220; btn_style=&#8220;flat&#8220; btn_shape=&#8220;square&#8220; btn_color=&#8220;purple&#8220; btn_size=&#8220;sm&#8220; btn_align=&#8220;center&#8220; btn_link=&#8220;url:https%3A%2F%2Fwww.agriturismoilcasale.net%2Fde%2Fwellnessbereich-ausstattung%2F|title:Wellnessbereich%20ausstattung||&#8220; css=&#8220;.vc_custom_1567514014118{margin-top: 0px !important;margin-right: 0px !important;margin-bottom: 0px !important;margin-left: 0px !important;padding-top: 90px !important;padding-right: 0px !important;padding-bottom: 20px !important;padding-left: 0px !important;background-image: url(https:\/\/www.agriturismoilcasale.net\/wp-content\/uploads\/2018\/11\/spa.jpg?id=1939) !important;background-position: center !important;background-repeat: no-repeat !important;background-size: cover !important;}&#8220;]<img loading=\"lazy\" decoding=\"async\" class=\"wp-image-1964 size-medium aligncenter\" src=\"https:\/\/www.agriturismoilcasale.net\/wp-content\/uploads\/2018\/11\/VUOTO-216x300.png\" alt=\"\" width=\"216\" height=\"300\" srcset=\"https:\/\/www.agriturismoilcasale.net\/wp-content\/uploads\/2018\/11\/VUOTO-216x300.png 216w, https:\/\/www.agriturismoilcasale.net\/wp-content\/uploads\/2018\/11\/VUOTO.png 370w\" sizes=\"(max-width: 216px) 100vw, 216px\" \/>[\/vc_cta][\/vc_column][vc_column width=&#8220;1\/3&#8243;][vc_cta h2=&#8220;SPEISESAAL&#8220; h4=&#8220;F\u00dcR MITTAGESSEN UND FR\u00dcHST\u00dcCK&#8220; txt_align=&#8220;center&#8220; shape=&#8220;square&#8220; style=&#8220;flat&#8220; color=&#8220;chino&#8220; add_button=&#8220;bottom&#8220; btn_title=&#8220;MEHR ERFAHREN&#8220; btn_style=&#8220;flat&#8220; btn_shape=&#8220;square&#8220; btn_color=&#8220;purple&#8220; btn_size=&#8220;sm&#8220; btn_align=&#8220;center&#8220; btn_link=&#8220;url:https%3A%2F%2Fwww.agriturismoilcasale.net%2Fde%2Fraeume%2F|title:R%C3%A4ume||&#8220; css=&#8220;.vc_custom_1567514031344{margin-top: 0px !important;margin-right: 0px !important;margin-bottom: 0px !important;margin-left: 0px !important;padding-top: 90px !important;padding-right: 0px !important;padding-bottom: 20px !important;padding-left: 0px !important;background-image: url(https:\/\/www.agriturismoilcasale.net\/wp-content\/uploads\/2018\/11\/casale-banner.jpg?id=1935) !important;background-position: center !important;background-repeat: no-repeat !important;background-size: cover !important;}&#8220;]<img loading=\"lazy\" decoding=\"async\" class=\"wp-image-1964 size-medium aligncenter\" src=\"https:\/\/www.agriturismoilcasale.net\/wp-content\/uploads\/2018\/11\/VUOTO-216x300.png\" alt=\"\" width=\"216\" height=\"300\" srcset=\"https:\/\/www.agriturismoilcasale.net\/wp-content\/uploads\/2018\/11\/VUOTO-216x300.png 216w, https:\/\/www.agriturismoilcasale.net\/wp-content\/uploads\/2018\/11\/VUOTO.png 370w\" sizes=\"(max-width: 216px) 100vw, 216px\" \/>[\/vc_cta][\/vc_column][vc_column width=&#8220;1\/3&#8243;][vc_cta h2=&#8220;AUSFL\u00dcGE&#8220; h4=&#8220;QUAD UND PFERDE&#8220; txt_align=&#8220;center&#8220; shape=&#8220;square&#8220; style=&#8220;flat&#8220; color=&#8220;chino&#8220; add_button=&#8220;bottom&#8220; btn_title=&#8220;MEHR ERFAHREN&#8220; btn_style=&#8220;flat&#8220; btn_shape=&#8220;square&#8220; btn_color=&#8220;purple&#8220; btn_size=&#8220;sm&#8220; btn_align=&#8220;center&#8220; btn_link=&#8220;url:http%3A%2F%2Fcrazyquad.it||target:%20_blank|&#8220; css=&#8220;.vc_custom_1567513963540{margin-top: 0px !important;margin-right: 0px !important;margin-bottom: 0px !important;margin-left: 0px !important;padding-top: 90px !important;padding-right: 0px !important;padding-bottom: 20px !important;padding-left: 0px !important;background-image: url(https:\/\/www.agriturismoilcasale.net\/wp-content\/uploads\/2018\/11\/quad.jpg?id=1937) !important;background-position: center !important;background-repeat: no-repeat !important;background-size: cover !important;}&#8220;]<img loading=\"lazy\" decoding=\"async\" class=\"wp-image-1964 size-medium aligncenter\" src=\"https:\/\/www.agriturismoilcasale.net\/wp-content\/uploads\/2018\/11\/VUOTO-216x300.png\" alt=\"\" width=\"216\" height=\"300\" srcset=\"https:\/\/www.agriturismoilcasale.net\/wp-content\/uploads\/2018\/11\/VUOTO-216x300.png 216w, https:\/\/www.agriturismoilcasale.net\/wp-content\/uploads\/2018\/11\/VUOTO.png 370w\" sizes=\"(max-width: 216px) 100vw, 216px\" \/>[\/vc_cta][\/vc_column][\/vc_row][vc_row full_width=&#8220;stretch_row&#8220; content_placement=&#8220;middle&#8220; parallax=&#8220;content-moving&#8220; parallax_image=&#8220;1825&#8243; css=&#8220;.vc_custom_1541516402139{margin-top: 60px !important;padding-top: 85px !important;padding-bottom: 85px !important;}&#8220; el_class=&#8220;nd_options_vc_parallax_filter_1_3&#8243;][vc_column width=&#8220;1\/2&#8243;]<div style=\"background-color:;height: 15px\" class=\"nicdark_section  \"><\/div> <h1 style=\"color:#ffffff;padding:px;text-align:;font-size:50px;line-height:50px;letter-spacing: px;font-weight:normal\" class=\"   nd_options_first_font \">Extra Angebote<\/h1> <div style=\"background-color:;height: 40px\" class=\"nicdark_section  \"><\/div> <p style=\"color:#ffffff;padding:px;text-align:;font-size:13px;line-height:25px;letter-spacing: 3px;font-weight:lighter\" class=\"   nd_options_second_font \">WIR BEM\u00dcHEN UNS, EXTRA-W\u00dcNSCHE VON UNSEREN G\u00c4STEN IM RAHMEN UNSERER M\u00d6GLICHKEITEN ZU ERF\u00dcLLEN. FRAGEN SIE UNS!<\/p> <div style=\"background-color:;height: 15px\" class=\"nicdark_section  \"><\/div>[\/vc_column][vc_column width=&#8220;1\/4&#8243;]<div style=\"background-color:;height: 15px\" class=\"nicdark_section  \"><\/div>\n\n    <div class=\"nd_options_section nd_options_bg_white nd_options_border_radius_15 nd_options_services_7_page \">\n                                        \n        <div class=\"nd_options_section nd_options_box_sizing_border_box nd_options_padding_20 nd_options_text_align_center\">\n            \n            <img decoding=\"async\" alt=\"\" width=\"40\" src=\"https:\/\/www.agriturismoilcasale.net\/wp-content\/uploads\/2017\/07\/icon-paw.png\">\n            <div class=\"nd_options_section nd_options_height_5\"><\/div>\n            <h1 class=\"nd_options_font_size_40\">Tiere<\/h1>\n            <div class=\"nd_options_section nd_options_height_10\"><\/div>\n            <h4 class=\"nd_options_color_grey nd_options_font_size_12 nd_options_text_transform_uppercase nd_options_letter_spacing_3 nd_options_second_font nd_options_font_weight_lighter\">KLEINE UND MITTELGROSSE TIERE<\/h4>\n\n        <\/div>\n\n    <\/div>\n\n  <div style=\"background-color:;height: 15px\" class=\"nicdark_section  \"><\/div>[\/vc_column][vc_column width=&#8220;1\/4&#8243;]<div style=\"background-color:;height: 15px\" class=\"nicdark_section  \"><\/div>\n\n    <div class=\"nd_options_section nd_options_bg_white nd_options_border_radius_15 nd_options_services_7_page \">\n                                        \n        <div class=\"nd_options_section nd_options_box_sizing_border_box nd_options_padding_20 nd_options_text_align_center\">\n            \n            <img decoding=\"async\" alt=\"\" width=\"40\" src=\"https:\/\/www.agriturismoilcasale.net\/wp-content\/uploads\/2018\/11\/icon-equitazione.png\">\n            <div class=\"nd_options_section nd_options_height_5\"><\/div>\n            <h1 class=\"nd_options_font_size_40\">Reitm\u00f6glichkeit<\/h1>\n            <div class=\"nd_options_section nd_options_height_10\"><\/div>\n            <h4 class=\"nd_options_color_grey nd_options_font_size_12 nd_options_text_transform_uppercase nd_options_letter_spacing_3 nd_options_second_font nd_options_font_weight_lighter\">AUSFL\u00dcGE MIT PFERDEN<\/h4>\n\n        <\/div>\n\n    <\/div>\n\n  <div style=\"background-color:;height: 15px\" class=\"nicdark_section  \"><\/div>[\/vc_column][\/vc_row][vc_row css=&#8220;.vc_custom_1504192216891{margin-top: 20px !important;}&#8220;][vc_column width=&#8220;1\/3&#8243;]<div style=\"background-color:;height: 10px\" class=\"nicdark_section  \"><\/div>\n\n    <div class=\"nd_options_section nd_options_position_relative \">\n\n        <img decoding=\"async\" style=\"top:px\" alt=\"\" class=\"nd_options_position_absolute nd_options_left_0\" width=\"50\" src=\"https:\/\/www.agriturismoilcasale.net\/wp-content\/uploads\/2018\/11\/icon-quad.png\">\n\n        <div style=\"padding-left:70px\" class=\"nd_options_section nd_options_box_sizing_border_box\">\n            \n            <h3 class=\"nd_options_first_font  \" style=\"margin:;color:;font-size:25px;line-height:25px\">Quad<\/h3> \n            <p class=\"nd_options_second_font  \" style=\"margin:20px 0px;color:;font-size:14px;line-height:24px\">Ausfl\u00fcge mit Quad unter der Leitung von professionellen F\u00fchrern, die Sie auf sicheren Wegen im Gr\u00fcnen f\u00fchren werden.<\/p> \n            \n\n        <\/div>\n\n    <\/div>\n\n  <div style=\"background-color:;height: 10px\" class=\"nicdark_section  \"><\/div>[\/vc_column][vc_column width=&#8220;1\/3&#8243;]<div style=\"background-color:;height: 10px\" class=\"nicdark_section  \"><\/div>\n\n    <div class=\"nd_options_section nd_options_position_relative \">\n\n        <img decoding=\"async\" style=\"top:px\" alt=\"\" class=\"nd_options_position_absolute nd_options_left_0\" width=\"50\" src=\"https:\/\/www.agriturismoilcasale.net\/wp-content\/uploads\/2017\/07\/icon-10.png\">\n\n        <div style=\"padding-left:70px\" class=\"nd_options_section nd_options_box_sizing_border_box\">\n            \n            <h3 class=\"nd_options_first_font  \" style=\"margin:;color:;font-size:25px;line-height:25px\">Eigenes Badezimmer<\/h3> \n            <p class=\"nd_options_second_font  \" style=\"margin:20px 0px;color:;font-size:14px;line-height:24px\">Alle Zimmer und Apartments verf\u00fcgen \u00fcber ein eigenes Badezimmer.<\/p> \n            \n\n        <\/div>\n\n    <\/div>\n\n  <div style=\"background-color:;height: 10px\" class=\"nicdark_section  \"><\/div>[\/vc_column][vc_column width=&#8220;1\/3&#8243;]<div style=\"background-color:;height: 10px\" class=\"nicdark_section  \"><\/div>\n\n    <div class=\"nd_options_section nd_options_position_relative \">\n\n        <img decoding=\"async\" style=\"top:px\" alt=\"\" class=\"nd_options_position_absolute nd_options_left_0\" width=\"50\" src=\"https:\/\/www.agriturismoilcasale.net\/wp-content\/uploads\/2017\/07\/icon-15.png\">\n\n        <div style=\"padding-left:70px\" class=\"nd_options_section nd_options_box_sizing_border_box\">\n            \n            <h3 class=\"nd_options_first_font  \" style=\"margin:;color:;font-size:25px;line-height:25px\">W\u00e4schereiservice<\/h3> \n            <p class=\"nd_options_second_font  \" style=\"margin:20px 0px;color:;font-size:14px;line-height:24px\">Sie k\u00f6nnen Ihre W\u00e4sche bei uns waschen lassen. Wir stellen auf Wunsch zus\u00e4tzliche Bettw\u00e4sche und Badet\u00fccher zur Verf\u00fcgung.<\/p> \n            \n\n        <\/div>\n\n    <\/div>\n\n  <div style=\"background-color:;height: 10px\" class=\"nicdark_section  \"><\/div>[\/vc_column][\/vc_row][vc_row css=&#8220;.vc_custom_1485535152075{margin-top: 50px !important;}&#8220;][vc_column width=&#8220;1\/3&#8243;]<div style=\"background-color:;height: 10px\" class=\"nicdark_section  \"><\/div>\n\n    <div class=\"nd_options_section nd_options_position_relative \">\n\n        <img decoding=\"async\" style=\"top:px\" alt=\"\" class=\"nd_options_position_absolute nd_options_left_0\" width=\"50\" src=\"https:\/\/www.agriturismoilcasale.net\/wp-content\/uploads\/2017\/07\/icon-13.png\">\n\n        <div style=\"padding-left:70px\" class=\"nd_options_section nd_options_box_sizing_border_box\">\n            \n            <h3 class=\"nd_options_first_font  \" style=\"margin:;color:;font-size:25px;line-height:25px\">Speiseraum<\/h3> \n            <p class=\"nd_options_second_font  \" style=\"margin:20px 0px;color:;font-size:14px;line-height:24px\">In zwei Speiser\u00e4umen k\u00f6nnen Sie unsere K\u00fcche und Kostproben von Produkten aus der Gegend genie\u00dfen.<\/p> \n            \n\n        <\/div>\n\n    <\/div>\n\n  <div style=\"background-color:;height: 10px\" class=\"nicdark_section  \"><\/div>[\/vc_column][vc_column width=&#8220;1\/3&#8243;]<div style=\"background-color:;height: 10px\" class=\"nicdark_section  \"><\/div>\n\n    <div class=\"nd_options_section nd_options_position_relative \">\n\n        <img decoding=\"async\" style=\"top:px\" alt=\"\" class=\"nd_options_position_absolute nd_options_left_0\" width=\"50\" src=\"https:\/\/www.agriturismoilcasale.net\/wp-content\/uploads\/2017\/07\/icon-12.png\">\n\n        <div style=\"padding-left:70px\" class=\"nd_options_section nd_options_box_sizing_border_box\">\n            \n            <h3 class=\"nd_options_first_font  \" style=\"margin:;color:;font-size:25px;line-height:25px\">Zustellbetten<\/h3> \n            <p class=\"nd_options_second_font  \" style=\"margin:20px 0px;color:;font-size:14px;line-height:24px\">Auf Wunsch stellen wir zus\u00e4tzliche Betten oder Kinderbetten zur Verf\u00fcgung.<\/p> \n            \n\n        <\/div>\n\n    <\/div>\n\n  <div style=\"background-color:;height: 10px\" class=\"nicdark_section  \"><\/div>[\/vc_column][vc_column width=&#8220;1\/3&#8243;]<div style=\"background-color:;height: 10px\" class=\"nicdark_section  \"><\/div>\n\n    <div class=\"nd_options_section nd_options_position_relative \">\n\n        <img decoding=\"async\" style=\"top:px\" alt=\"\" class=\"nd_options_position_absolute nd_options_left_0\" width=\"50\" src=\"https:\/\/www.agriturismoilcasale.net\/wp-content\/uploads\/2017\/07\/image-2.png\">\n\n        <div style=\"padding-left:70px\" class=\"nd_options_section nd_options_box_sizing_border_box\">\n            \n            <h3 class=\"nd_options_first_font  \" style=\"margin:;color:;font-size:25px;line-height:25px\">Rauchmelder<\/h3> \n            <p class=\"nd_options_second_font  \" style=\"margin:20px 0px;color:;font-size:14px;line-height:24px\">Alle Zimmer und Apartments verf\u00fcgen \u00fcber Rauchmelder, um die Sicherheit der G\u00e4ste zu erh\u00f6hen.<\/p> \n            \n\n        <\/div>\n\n    <\/div>\n\n  <div style=\"background-color:;height: 10px\" class=\"nicdark_section  \"><\/div>[\/vc_column][\/vc_row]<\/p>\n<\/section>","protected":false},"excerpt":{"rendered":"<p>[vc_row full_width=&#8220;stretch_row&#8220;][vc_column][\/vc_column][\/vc_row][vc_row css=&#8220;.vc_custom_1485535037496{margin-top: 50px !important;}&#8220;][vc_column width=&#8220;1\/4&#8243;][\/vc_column][vc_column width=&#8220;1\/4&#8243;][\/vc_column][vc_column width=&#8220;1\/4&#8243;][\/vc_column][vc_column width=&#8220;1\/4&#8243;][\/vc_column][\/vc_row][vc_row css=&#8220;.vc_custom_1485535037496{margin-top: 50px !important;}&#8220;][vc_column width=&#8220;1\/3&#8243;][vc_cta h2=&#8220;LA PERLA&#8220; h4=&#8220;WELLNESSBEREICH&#8220; txt_align=&#8220;center&#8220; shape=&#8220;square&#8220; style=&#8220;flat&#8220; color=&#8220;chino&#8220; add_button=&#8220;bottom&#8220; btn_title=&#8220;MEHR ERFAHREN&#8220; btn_style=&#8220;flat&#8220; btn_shape=&#8220;square&#8220; btn_color=&#8220;purple&#8220; btn_size=&#8220;sm&#8220; btn_align=&#8220;center&#8220; btn_link=&#8220;url:https%3A%2F%2Fwww.agriturismoilcasale.net%2Fde%2Fwellnessbereich-ausstattung%2F|title:Wellnessbereich%20ausstattung||&#8220; css=&#8220;.vc_custom_1567514014118{margin-top: 0px !important;margin-right: 0px !important;margin-bottom: 0px !important;margin-left: 0px !important;padding-top: 90px !important;padding-right: 0px !important;padding-bottom: 20px !important;padding-left: 0px !important;background-image: url(https:\/\/www.agriturismoilcasale.net\/wp-content\/uploads\/2018\/11\/spa.jpg?id=1939) !important;background-position: center !important;background-repeat: no-repeat !important;background-size: cover !important;}&#8220;][\/vc_cta][\/vc_column][vc_column width=&#8220;1\/3&#8243;][vc_cta [&hellip;]<\/p>\n","protected":false},"author":1,"featured_media":0,"parent":0,"menu_order":0,"comment_status":"closed","ping_status":"closed","template":"","meta":{"footnotes":""},"jetpack_sharing_enabled":true,"_links":{"self":[{"href":"https:\/\/www.agriturismoilcasale.net\/de\/wp-json\/wp\/v2\/pages\/2870\/"}],"collection":[{"href":"https:\/\/www.agriturismoilcasale.net\/de\/wp-json\/wp\/v2\/pages\/"}],"about":[{"href":"https:\/\/www.agriturismoilcasale.net\/de\/wp-json\/wp\/v2\/types\/page\/"}],"author":[{"embeddable":true,"href":"https:\/\/www.agriturismoilcasale.net\/de\/wp-json\/wp\/v2\/users\/1\/"}],"replies":[{"embeddable":true,"href":"https:\/\/www.agriturismoilcasale.net\/de\/wp-json\/wp\/v2\/comments\/?post=2870"}],"version-history":[{"count":7,"href":"https:\/\/www.agriturismoilcasale.net\/de\/wp-json\/wp\/v2\/pages\/2870\/revisions\/"}],"predecessor-version":[{"id":2942,"href":"https:\/\/www.agriturismoilcasale.net\/de\/wp-json\/wp\/v2\/pages\/2870\/revisions\/2942\/"}],"wp:attachment":[{"href":"https:\/\/www.agriturismoilcasale.net\/de\/wp-json\/wp\/v2\/media\/?parent=2870"}],"curies":[{"name":"wp","href":"https:\/\/api.w.org\/{rel}","templated":true}]}}