{"id":2916,"date":"2018-11-08T10:53:46","date_gmt":"2018-11-08T10:53:46","guid":{"rendered":"https:\/\/www.agriturismoilcasale.net\/location-meeting-pesaro-urbino\/"},"modified":"2019-02-25T09:01:45","modified_gmt":"2019-02-25T08:01:45","slug":"speiseraeume","status":"publish","type":"page","link":"https:\/\/www.agriturismoilcasale.net\/de\/speiseraeume\/","title":{"rendered":"Speiser\u00e4ume"},"content":{"rendered":"<section class=\"wpb-content-wrapper\"><p>[vc_row full_width=&#8220;stretch_row_content&#8220; equal_height=&#8220;yes&#8220; content_placement=&#8220;middle&#8220;][vc_column width=&#8220;1\/2&#8243; css=&#8220;.vc_custom_1506417727759{padding-top: 130px !important;padding-right: 100px !important;padding-bottom: 130px !important;padding-left: 100px !important;background-color: #78635a !important;}&#8220; el_class=&#8220;nd_options_padding_50_first_div_important_all_iphone&#8220;] <h6 style=\"color:#ffffff;padding:px;text-align:;font-size:12px;line-height:12px;letter-spacing: 2px;font-weight:lighter\" class=\"   nd_options_second_font \">RELAX UND VERPFLEGUNG<\/h6> <div style=\"background-color:;height: 20px\" class=\"nicdark_section  \"><\/div> <h1 style=\"color:#ffffff;padding:px;text-align:;font-size:80px;line-height:80px;letter-spacing: px;font-weight:normal\" class=\"  nd_options_font_size_40_important_all_iphone nd_options_line_height_40_important_all_iphone nd_options_first_font \">SPEISER\u00c4UME<\/h1> [vc_row_inner][vc_column_inner] <p style=\"color:#ffffff;padding:px;text-align:;font-size:px;line-height:px;letter-spacing: px;font-weight:lighter\" class=\"   nd_options_second_font \">Durch das famili\u00e4re Ambiente und die Liebe zum Detail sind unsere R\u00e4ume ideal zum  Entspannen und zum Feiern entweder bei einem Abendessen mit Freunden oder als Paar. Unsere R\u00e4ume stellen eine ideale L\u00f6sung auch f\u00fcr Tagungen und Gesch\u00e4ftsessen dar. Unsere Gerichte werden ausschlie\u00dflich mit Zutaten aus unserer Gegend zubereitet.<\/p> [\/vc_column_inner][\/vc_row_inner][\/vc_column][vc_column width=&#8220;1\/2&#8243; css=&#8220;.vc_custom_1541675301892{margin-top: 0px !important;margin-right: 0px !important;margin-bottom: 0px !important;margin-left: 0px !important;padding-top: 0px !important;padding-right: 0px !important;padding-bottom: 0px !important;padding-left: 0px !important;background-image: url(https:\/\/www.agriturismoilcasale.net\/wp-content\/uploads\/2018\/11\/SALA-RISTO.jpg?id=2110) !important;background-position: center !important;background-repeat: no-repeat !important;background-size: cover !important;}&#8220;][\/vc_column][\/vc_row][vc_row][vc_column el_class=&#8220;nd_options_padding_20_first_div_important_all_iphone&#8220; css=&#8220;.vc_custom_1504096206452{padding: 70px !important;}&#8220;][vc_row_inner css=&#8220;.vc_custom_1541673852308{padding: 40px !important;background-color: #78635a !important;}&#8220;][vc_column_inner width=&#8220;2\/3&#8243;]\n\n    <div class=\"nd_options_section nd_options_position_relative nd_options_contact_call_to_action\">\n\n        <img decoding=\"async\" style=\"top:5px\" alt=\"\" class=\"nd_options_position_absolute nd_options_left_0\" width=\"50\" src=\"https:\/\/www.agriturismoilcasale.net\/wp-content\/uploads\/2017\/07\/icon-checked-white.png\">\n\n        <div style=\"padding-left:70px\" class=\"nd_options_section nd_options_box_sizing_border_box\">\n            \n            <h3 class=\"nd_options_first_font  \" style=\"margin:;color:#ffffff;font-size:30px;line-height:30px\">Rufen Sie uns an! <u><strong><br \/>+39 0721 734879<\/strong><\/u><\/h3> \n            <p class=\"nd_options_second_font  \" style=\"margin:10px 0px 0px 0px;color:#ffffff;font-size:17px;line-height:27px\">Wir stehen f\u00fcr weitere Informationen gerne zur Verf\u00fcgung.<\/p> \n            \n\n        <\/div>\n\n    <\/div>\n\n  [\/vc_column_inner][vc_column_inner width=&#8220;1\/3&#8243;]<div style=\"background-color:;height: 8px\" class=\"nicdark_section  \"><\/div>\n\t\n\t<a style=\"border: px solid;border-radius:0px;letter-spacing:2px;line-height:11px;font-size:11px;background-color:#715d55;padding:15px 35px;margin:;color:#ffffff\" rel=\"\" href=\"https:\/\/www.agriturismoilcasale.net\/de\/kontakt\/\" class=\"nicdark_display_inline_block nd_options_float_right nd_options_font_weight_bold  nd_options_float_left_responsive nd_options_margin_top_5_responsive \">RESERVIERUNG<\/a>\n\t\n[\/vc_column_inner][\/vc_row_inner][\/vc_column][\/vc_row]<\/p>\n<\/section>","protected":false},"excerpt":{"rendered":"<p>[vc_row full_width=&#8220;stretch_row_content&#8220; equal_height=&#8220;yes&#8220; content_placement=&#8220;middle&#8220;][vc_column width=&#8220;1\/2&#8243; css=&#8220;.vc_custom_1506417727759{padding-top: 130px !important;padding-right: 100px !important;padding-bottom: 130px !important;padding-left: 100px !important;background-color: #78635a !important;}&#8220; el_class=&#8220;nd_options_padding_50_first_div_important_all_iphone&#8220;][vc_row_inner][vc_column_inner][\/vc_column_inner][\/vc_row_inner][\/vc_column][vc_column width=&#8220;1\/2&#8243; css=&#8220;.vc_custom_1541675301892{margin-top: 0px !important;margin-right: 0px !important;margin-bottom: 0px !important;margin-left: 0px !important;padding-top: 0px !important;padding-right: 0px !important;padding-bottom: 0px !important;padding-left: 0px !important;background-image: url(https:\/\/www.agriturismoilcasale.net\/wp-content\/uploads\/2018\/11\/SALA-RISTO.jpg?id=2110) !important;background-position: center !important;background-repeat: no-repeat !important;background-size: cover !important;}&#8220;][\/vc_column][\/vc_row][vc_row][vc_column el_class=&#8220;nd_options_padding_20_first_div_important_all_iphone&#8220; css=&#8220;.vc_custom_1504096206452{padding: 70px !important;}&#8220;][vc_row_inner css=&#8220;.vc_custom_1541673852308{padding: 40px !important;background-color: #78635a !important;}&#8220;][vc_column_inner width=&#8220;2\/3&#8243;][\/vc_column_inner][vc_column_inner width=&#8220;1\/3&#8243;][\/vc_column_inner][\/vc_row_inner][\/vc_column][\/vc_row]<\/p>\n","protected":false},"author":1,"featured_media":0,"parent":0,"menu_order":0,"comment_status":"closed","ping_status":"closed","template":"","meta":{"footnotes":""},"jetpack_sharing_enabled":true,"_links":{"self":[{"href":"https:\/\/www.agriturismoilcasale.net\/de\/wp-json\/wp\/v2\/pages\/2916\/"}],"collection":[{"href":"https:\/\/www.agriturismoilcasale.net\/de\/wp-json\/wp\/v2\/pages\/"}],"about":[{"href":"https:\/\/www.agriturismoilcasale.net\/de\/wp-json\/wp\/v2\/types\/page\/"}],"author":[{"embeddable":true,"href":"https:\/\/www.agriturismoilcasale.net\/de\/wp-json\/wp\/v2\/users\/1\/"}],"replies":[{"embeddable":true,"href":"https:\/\/www.agriturismoilcasale.net\/de\/wp-json\/wp\/v2\/comments\/?post=2916"}],"version-history":[{"count":5,"href":"https:\/\/www.agriturismoilcasale.net\/de\/wp-json\/wp\/v2\/pages\/2916\/revisions\/"}],"predecessor-version":[{"id":3086,"href":"https:\/\/www.agriturismoilcasale.net\/de\/wp-json\/wp\/v2\/pages\/2916\/revisions\/3086\/"}],"wp:attachment":[{"href":"https:\/\/www.agriturismoilcasale.net\/de\/wp-json\/wp\/v2\/media\/?parent=2916"}],"curies":[{"name":"wp","href":"https:\/\/api.w.org\/{rel}","templated":true}]}}