{"id":2929,"date":"2017-06-30T09:48:28","date_gmt":"2017-06-30T09:48:28","guid":{"rendered":"https:\/\/www.agriturismoilcasale.net\/contatti\/"},"modified":"2019-02-25T09:10:40","modified_gmt":"2019-02-25T08:10:40","slug":"kontakt","status":"publish","type":"page","link":"https:\/\/www.agriturismoilcasale.net\/de\/kontakt\/","title":{"rendered":"Kontakt"},"content":{"rendered":"<section class=\"wpb-content-wrapper\"><p>[vc_row][vc_column width=&#8220;1\/2&#8243; css=&#8220;.vc_custom_1467214267244{padding-top: 10px !important;padding-bottom: 10px !important;}&#8220;] <h2 style=\"color:;padding:px;text-align:;font-size:25px;line-height:25px;letter-spacing: px;font-weight:normal\" class=\"   nd_options_first_font \">Allgemein<\/h2> <div style=\"background-color:;height: 20px\" class=\"nicdark_section  \"><\/div>[vc_column_text]<span lang=\"DE\">Wir stehen Ihnen f\u00fcr jede Auskunft \u00fcber Reservierung und Ausstattung gerne zur Verf\u00fcgung.<\/span>[\/vc_column_text]<div style=\"background-color:;height: 20px\" class=\"nicdark_section  \"><\/div>\n\n    <!--start form-->\n    <div id=\"nd_options_shortcode_cf7_3089\" class=\"nd_options_section \">\n      \n      <div class=\"nd_options_section nd_options_box_sizing_border_box\">\n        \n<div class=\"wpcf7 no-js\" id=\"wpcf7-f3089-o1\" lang=\"en-US\" dir=\"ltr\">\n<div class=\"screen-reader-response\"><p role=\"status\" aria-live=\"polite\" aria-atomic=\"true\"><\/p> <ul><\/ul><\/div>\n<form action=\"\/de\/wp-json\/wp\/v2\/pages\/2929\/#wpcf7-f3089-o1\" method=\"post\" class=\"wpcf7-form init\" aria-label=\"Kontaktformular\" novalidate=\"novalidate\" data-status=\"init\">\n<div>\n<input type=\"hidden\" name=\"_wpcf7\" value=\"3089\" \/>\n<input type=\"hidden\" name=\"_wpcf7_version\" value=\"5.9.8\" \/>\n<input type=\"hidden\" name=\"_wpcf7_locale\" value=\"en_US\" \/>\n<input type=\"hidden\" name=\"_wpcf7_unit_tag\" value=\"wpcf7-f3089-o1\" \/>\n<input type=\"hidden\" name=\"_wpcf7_container_post\" value=\"0\" \/>\n<input type=\"hidden\" name=\"_wpcf7_posted_data_hash\" value=\"\" \/>\n<\/div>\n<div class=\"nd_options_float_left nd_options_box_sizing_border_box nd_options_width_100_percentage_all_iphone_important nd_options_padding_0_right_important_all_iphone nd_options_padding_0_left_important_all_iphone \" style=\"padding: 0px 10px 15px 0px;width:100%\">\n<\/p>\n<p>Name :\n<\/p>\n<p><span class=\"wpcf7-form-control-wrap\" data-name=\"name-form\"><\/span><\/div><br \/>\n<div class=\"nd_options_float_left nd_options_box_sizing_border_box nd_options_width_100_percentage_all_iphone_important nd_options_padding_0_right_important_all_iphone nd_options_padding_0_left_important_all_iphone \" style=\"padding: 0px 10px 15px 0px;width:100%\">\n<\/p>\n<p>E-mail :\n<\/p>\n<p><span class=\"wpcf7-form-control-wrap\" data-name=\"email\"><\/span><\/div><br \/>\n<div class=\"nd_options_float_left nd_options_box_sizing_border_box nd_options_width_100_percentage_all_iphone_important nd_options_padding_0_right_important_all_iphone nd_options_padding_0_left_important_all_iphone \" style=\"padding: 0px 10px 15px 0px;width:100%\">\n<\/p>\n<p>Nachricht :\n<\/p>\n<p><span class=\"wpcf7-form-control-wrap\" data-name=\"message\"><textarea cols=\"40\" rows=\"5\" class=\"wpcf7-form-control wpcf7-textarea nd_options_padding_10_20_important nd_options_margin_top_10\" name=\"message\"><\/textarea><\/span><\/div><br \/>\n[cta_recaptcha* cta_recaptcha]<br \/>\n<div class=\"nd_options_float_left nd_options_box_sizing_border_box nd_options_width_100_percentage_all_iphone_important nd_options_padding_0_right_important_all_iphone nd_options_padding_0_left_important_all_iphone \" style=\"padding: 0px 0px 0px 0px;width:30%\"><\/div><div class=\"wpcf7-response-output\" aria-hidden=\"true\"><\/div>\n<\/form>\n<\/div>\n \n      <\/div>  \n\n    <\/div>\n    <!--end form-->\n\n   [\/vc_column][vc_column width=&#8220;1\/2&#8243; css=&#8220;.vc_custom_1467214272039{padding-top: 10px !important;padding-bottom: 10px !important;}&#8220;][nd_options_gmaps_markers nd_options_height=&#8220;260&#8243; nd_options_zoom=&#8220;10&#8243; nd_options_position=&#8220;43.538386, 12.875510&#8243; nd_options_color=&#8220;#78635a&#8220; nd_options_image=&#8220;2127&#8243; nd_options_image_width=&#8220;40,48&#8243;]<div style=\"background-color:;height: 25px\" class=\"nicdark_section  \"><\/div>[vc_row_inner][vc_column_inner width=&#8220;1\/2&#8243;]\n\n\n  <div class=\"nd_options_section  nd_options_display_table \">\n    <div class=\"nd_options_display_table_cell nd_options_vertical_align_middle nd_options_width_50_percentage nd_options_text_align_left nd_options_padding_10 nd_options_box_sizing_border_box\">\n      <p class=\" nd_options_second_font nd_options_margin_0 nd_options_padding_0\" style=\"color:#727475\">Adresse:<\/p>\n    <\/div>\n    <div class=\"nd_options_display_table_cell nd_options_vertical_align_middle nd_options_width_50_percentage nd_options_text_align_right nd_options_padding_10 nd_options_box_sizing_border_box\">\n      <p class=\" nd_options_second_font nd_options_margin_0 nd_options_padding_0\" style=\"color:#a3a3a3\">Via Sterleto 46<\/p>\n    <\/div>\n  <\/div>\n\n\n   <div style=\"background-color:#f1f1f1;height: 1px\" class=\"nicdark_section  \"><\/div>\n\n\n  <div class=\"nd_options_section  nd_options_display_table \">\n    <div class=\"nd_options_display_table_cell nd_options_vertical_align_middle nd_options_width_50_percentage nd_options_text_align_left nd_options_padding_10 nd_options_box_sizing_border_box\">\n      <p class=\" nd_options_second_font nd_options_margin_0 nd_options_padding_0\" style=\"color:#727475\">Stadt:<\/p>\n    <\/div>\n    <div class=\"nd_options_display_table_cell nd_options_vertical_align_middle nd_options_width_50_percentage nd_options_text_align_right nd_options_padding_10 nd_options_box_sizing_border_box\">\n      <p class=\" nd_options_second_font nd_options_margin_0 nd_options_padding_0\" style=\"color:#a3a3a3\">Pergola (PU)<\/p>\n    <\/div>\n  <\/div>\n\n\n   <div style=\"background-color:#f1f1f1;height: 1px\" class=\"nicdark_section  \"><\/div>\n\n\n  <div class=\"nd_options_section  nd_options_display_table \">\n    <div class=\"nd_options_display_table_cell nd_options_vertical_align_middle nd_options_width_50_percentage nd_options_text_align_left nd_options_padding_10 nd_options_box_sizing_border_box\">\n      <p class=\" nd_options_second_font nd_options_margin_0 nd_options_padding_0\" style=\"color:#727475\">Check-In:<\/p>\n    <\/div>\n    <div class=\"nd_options_display_table_cell nd_options_vertical_align_middle nd_options_width_50_percentage nd_options_text_align_right nd_options_padding_10 nd_options_box_sizing_border_box\">\n      <p class=\" nd_options_second_font nd_options_margin_0 nd_options_padding_0\" style=\"color:#a3a3a3\">16:00<\/p>\n    <\/div>\n  <\/div>\n\n\n   [\/vc_column_inner][vc_column_inner width=&#8220;1\/2&#8243;]\n\n\n  <div class=\"nd_options_section  nd_options_display_table \">\n    <div class=\"nd_options_display_table_cell nd_options_vertical_align_middle nd_options_width_50_percentage nd_options_text_align_left nd_options_padding_10 nd_options_box_sizing_border_box\">\n      <p class=\" nd_options_second_font nd_options_margin_0 nd_options_padding_0\" style=\"color:#727475\">Telefon:<\/p>\n    <\/div>\n    <div class=\"nd_options_display_table_cell nd_options_vertical_align_middle nd_options_width_50_percentage nd_options_text_align_right nd_options_padding_10 nd_options_box_sizing_border_box\">\n      <p class=\" nd_options_second_font nd_options_margin_0 nd_options_padding_0\" style=\"color:#a3a3a3\">(+39)0721734879<\/p>\n    <\/div>\n  <\/div>\n\n\n   <div style=\"background-color:#f1f1f1;height: 1px\" class=\"nicdark_section  \"><\/div>\n\n\n  <div class=\"nd_options_section  nd_options_display_table \">\n    <div class=\"nd_options_display_table_cell nd_options_vertical_align_middle nd_options_width_50_percentage nd_options_text_align_left nd_options_padding_10 nd_options_box_sizing_border_box\">\n      <p class=\" nd_options_second_font nd_options_margin_0 nd_options_padding_0\" style=\"color:#727475\">Email:<\/p>\n    <\/div>\n    <div class=\"nd_options_display_table_cell nd_options_vertical_align_middle nd_options_width_50_percentage nd_options_text_align_right nd_options_padding_10 nd_options_box_sizing_border_box\">\n      <p class=\" nd_options_second_font nd_options_margin_0 nd_options_padding_0\" style=\"color:#a3a3a3\">info@agriturismoilcasale.net<\/p>\n    <\/div>\n  <\/div>\n\n\n   <div style=\"background-color:#f1f1f1;height: 1px\" class=\"nicdark_section  \"><\/div>\n\n\n  <div class=\"nd_options_section  nd_options_display_table \">\n    <div class=\"nd_options_display_table_cell nd_options_vertical_align_middle nd_options_width_50_percentage nd_options_text_align_left nd_options_padding_10 nd_options_box_sizing_border_box\">\n      <p class=\" nd_options_second_font nd_options_margin_0 nd_options_padding_0\" style=\"color:#727475\">Check-Out :<\/p>\n    <\/div>\n    <div class=\"nd_options_display_table_cell nd_options_vertical_align_middle nd_options_width_50_percentage nd_options_text_align_right nd_options_padding_10 nd_options_box_sizing_border_box\">\n      <p class=\" nd_options_second_font nd_options_margin_0 nd_options_padding_0\" style=\"color:#a3a3a3\">10:00<\/p>\n    <\/div>\n  <\/div>\n\n\n   [\/vc_column_inner][\/vc_row_inner]<div style=\"background-color:;height: 35px\" class=\"nicdark_section  \"><\/div> <h5 style=\"color:#a3a3a3;padding:px;text-align:;font-size:12px;line-height:12px;letter-spacing: 2px;font-weight:lighter\" class=\"   nd_options_second_font \">VON 08:00 \u2013 21:30 | AUCH VERF\u00dcGBAR<\/h5> <div style=\"background-color:;height: 10px\" class=\"nicdark_section  \"><\/div>\n    <div class=\"nd_options_section nd_options_line_height_0  nd_options_text_align_left \">\n        <span style=\"height:1px;width:30px;background-color:#a3a3a3\" class=\"nd_options_display_inline_block\"><\/span>\n    <\/div>\n   <div style=\"background-color:;height: 10px\" class=\"nicdark_section  \"><\/div> <h3 style=\"color:#727475;padding:px;text-align:;font-size:60px;line-height:60px;letter-spacing: px;font-weight:normal\" class=\"   nd_options_first_font \">+39 333 2041419<\/h3> [\/vc_column][\/vc_row]<\/p>\n<\/section>","protected":false},"excerpt":{"rendered":"<p>[vc_row][vc_column width=&#8220;1\/2&#8243; css=&#8220;.vc_custom_1467214267244{padding-top: 10px !important;padding-bottom: 10px !important;}&#8220;][vc_column_text]Wir stehen Ihnen f\u00fcr jede Auskunft \u00fcber Reservierung und Ausstattung gerne zur Verf\u00fcgung.[\/vc_column_text][\/vc_column][vc_column width=&#8220;1\/2&#8243; css=&#8220;.vc_custom_1467214272039{padding-top: 10px !important;padding-bottom: 10px !important;}&#8220;][nd_options_gmaps_markers nd_options_height=&#8220;260&#8243; nd_options_zoom=&#8220;10&#8243; nd_options_position=&#8220;43.538386, 12.875510&#8243; nd_options_color=&#8220;#78635a&#8220; nd_options_image=&#8220;2127&#8243; nd_options_image_width=&#8220;40,48&#8243;][vc_row_inner][vc_column_inner width=&#8220;1\/2&#8243;][\/vc_column_inner][vc_column_inner width=&#8220;1\/2&#8243;][\/vc_column_inner][\/vc_row_inner][\/vc_column][\/vc_row]<\/p>\n","protected":false},"author":1,"featured_media":0,"parent":0,"menu_order":0,"comment_status":"closed","ping_status":"closed","template":"","meta":{"footnotes":""},"jetpack_sharing_enabled":true,"_links":{"self":[{"href":"https:\/\/www.agriturismoilcasale.net\/de\/wp-json\/wp\/v2\/pages\/2929\/"}],"collection":[{"href":"https:\/\/www.agriturismoilcasale.net\/de\/wp-json\/wp\/v2\/pages\/"}],"about":[{"href":"https:\/\/www.agriturismoilcasale.net\/de\/wp-json\/wp\/v2\/types\/page\/"}],"author":[{"embeddable":true,"href":"https:\/\/www.agriturismoilcasale.net\/de\/wp-json\/wp\/v2\/users\/1\/"}],"replies":[{"embeddable":true,"href":"https:\/\/www.agriturismoilcasale.net\/de\/wp-json\/wp\/v2\/comments\/?post=2929"}],"version-history":[{"count":5,"href":"https:\/\/www.agriturismoilcasale.net\/de\/wp-json\/wp\/v2\/pages\/2929\/revisions\/"}],"predecessor-version":[{"id":3095,"href":"https:\/\/www.agriturismoilcasale.net\/de\/wp-json\/wp\/v2\/pages\/2929\/revisions\/3095\/"}],"wp:attachment":[{"href":"https:\/\/www.agriturismoilcasale.net\/de\/wp-json\/wp\/v2\/media\/?parent=2929"}],"curies":[{"name":"wp","href":"https:\/\/api.w.org\/{rel}","templated":true}]}}