{"id":2973,"date":"2018-11-10T03:59:51","date_gmt":"2018-11-10T03:59:51","guid":{"rendered":"https:\/\/www.agriturismoilcasale.net\/privacy-2\/"},"modified":"2019-02-21T19:37:59","modified_gmt":"2019-02-21T18:37:59","slug":"fristen-und-bedingungen","status":"publish","type":"page","link":"https:\/\/www.agriturismoilcasale.net\/de\/fristen-und-bedingungen\/","title":{"rendered":"Fristen und Bedingungen"},"content":{"rendered":"<p><strong>Die Reservierung<\/strong><br \/>\nDie Reservierung ist wirksam, wenn der Vorschuss in H\u00f6he von bis 40% des Gesamtpreises per \u00dcberweisung oder Kreditkarte (Visa oder MasterCard) bezahlt ist. Der Restbetrag wird im Ferienbauernhof bezahlt.<\/p>\n<p>&nbsp;<\/p>\n<p><strong>Storno<\/strong><\/p>\n<p>Bei Stornierung gelten folgende Bedingungen:<br \/>\n1 &#8211; Der Vorschuss wird nicht erstattet;<br \/>\n2 &#8211; Bei Nicht-Erscheinen oder fr\u00fchzeitiger Abreise wird der Preis f\u00fcr die gesamte reservierte Zeit geschuldet.<br \/>\nBei Reservierungen durch Booking gelten die Bookingbedingungen.<\/p>\n<p><strong>Bemerkungen<br \/>\n<\/strong><em>Zimmer:<\/em><\/p>\n<ul>\n<li>Check-In: ab 16 Uhr<\/li>\n<li>Check-Out: bis 10 Uhr<\/li>\n<li>Ortstaxe: nach dem \u00f6rtlichen Tarif<\/li>\n<li>Fr\u00fchst\u00fcck: im Preis enthalten<\/li>\n<li>Heizung und Klimaanlage: im Preis enthalten<\/li>\n<li>Reinigung: t\u00e4glich<\/li>\n<li>W\u00e4schewechsel: t\u00e4glich<\/li>\n<li>Haartrockner: im Badezimmer vorhanden<\/li>\n<li>Privater Parkplatz: kostenlos<\/li>\n<li>W\u00e4schereiservice: auf Wunsch Benutzung der Waschmaschine zum Preis von 3,&#8211; Euro pro Waschgang<\/li>\n<li>Au\u00dfenpool: kostenlose Benutzung, runde Tische, Sonnenschirme, Liegest\u00fchle stehen ausschlie\u00dflich den \u00fcbernachtenden G\u00e4sten zur Verf\u00fcgung.<\/li>\n<li>Badet\u00fccher f\u00fcr das Au\u00dfenpool k\u00f6nnen auf Wunsch zum Preis von 3,&#8211; Euro pro Badetuch geliehen werden<\/li>\n<li>WLAN-Internetzugang: kostenlos<\/li>\n<li>Verpflegung: unser Menu \u00e0 la carte sieht traditionelle Gerichte der Marken vor. Wir bieten verschiedene Wein-Gerichtkombinationen an.<\/li>\n<li>Haustiere: in den Zimmern nicht erlaubt.<\/li>\n<\/ul>\n<p><em>Apartment:<\/em><\/p>\n<ul>\n<li>Check-In: ab 16 Uhr<\/li>\n<li>Check-Out: bis 10 Uhr<\/li>\n<li>Ortstaxe: nach dem \u00f6rtlichen Tarif<\/li>\n<li>Fr\u00fchst\u00fcck: auf Wunsch erh\u00e4ltlich zum Preis von 5,&#8211; Euro pro Person<\/li>\n<li>Heizung und Klimaanlage: im Preis enthalten<\/li>\n<li>Reinigung: w\u00f6chentlich oder Endreinigung<\/li>\n<li>W\u00e4schewechsel: Bettw\u00e4sche und Badet\u00fccher auf Wunsch zum Preis von 5,&#8211; Euro pro Person.<\/li>\n<li>Haartrockner: im Badezimmer vorhanden<\/li>\n<li>Privater Parkplatz: kostenlos<\/li>\n<li>W\u00e4schereiservice: auf Wunsch Benutzung der Waschmaschine zum Preis von 3,&#8211;Euro pro Waschgang<\/li>\n<li>Au\u00dfenpool: kostenlose Benutzung, runde Tische, Sonnenschirme, Liegest\u00fchle stehen ausschlie\u00dflich den \u00fcbernachtenden G\u00e4sten zur Verf\u00fcgung.<\/li>\n<li>Badet\u00fccher f\u00fcr das Au\u00dfenpool k\u00f6nnen auf Wunsch zum Preis von 3,&#8211; Euro pro Badetuch geliehen werden<\/li>\n<li>WLAN-Internetzugang: kostenlos<\/li>\n<li>Verpflegung: unser Menu \u00e0 la carte sieht traditionelle Gerichte der Marken vor. Wir bieten verschiedene Wein-Gerichtkombinationen an.<\/li>\n<li>Haustiere: Kleine und mittelgro\u00dfe Haustiere sind erlaubt. F\u00fcr die Endreinigung werden jedoch 25,00 Euro verlangt.<\/li>\n<li>Bei Reservierung von Apartments f\u00fcr kurze Aufenthalte gelten folgende Bedingungen: f\u00fcr Aufenthalte von 1 bis 2 Tagen wird der Tagespreis um 20% erh\u00f6ht, f\u00fcr Aufenthalte von 3 oder 4 Tagen wird der Tagespreis um 10% erh\u00f6ht.<\/li>\n<\/ul>\n","protected":false},"excerpt":{"rendered":"<p>Die Reservierung Die Reservierung ist wirksam, wenn der Vorschuss in H\u00f6he von bis 40% des Gesamtpreises per \u00dcberweisung oder Kreditkarte (Visa oder MasterCard) bezahlt ist. Der Restbetrag wird im Ferienbauernhof bezahlt. &nbsp; Storno Bei Stornierung gelten folgende Bedingungen: 1 &#8211; Der Vorschuss wird nicht erstattet; 2 &#8211; Bei Nicht-Erscheinen oder fr\u00fchzeitiger Abreise wird der Preis [&hellip;]<\/p>\n","protected":false},"author":1,"featured_media":0,"parent":0,"menu_order":0,"comment_status":"closed","ping_status":"closed","template":"","meta":{"footnotes":""},"jetpack_sharing_enabled":true,"_links":{"self":[{"href":"https:\/\/www.agriturismoilcasale.net\/de\/wp-json\/wp\/v2\/pages\/2973\/"}],"collection":[{"href":"https:\/\/www.agriturismoilcasale.net\/de\/wp-json\/wp\/v2\/pages\/"}],"about":[{"href":"https:\/\/www.agriturismoilcasale.net\/de\/wp-json\/wp\/v2\/types\/page\/"}],"author":[{"embeddable":true,"href":"https:\/\/www.agriturismoilcasale.net\/de\/wp-json\/wp\/v2\/users\/1\/"}],"replies":[{"embeddable":true,"href":"https:\/\/www.agriturismoilcasale.net\/de\/wp-json\/wp\/v2\/comments\/?post=2973"}],"version-history":[{"count":2,"href":"https:\/\/www.agriturismoilcasale.net\/de\/wp-json\/wp\/v2\/pages\/2973\/revisions\/"}],"predecessor-version":[{"id":2978,"href":"https:\/\/www.agriturismoilcasale.net\/de\/wp-json\/wp\/v2\/pages\/2973\/revisions\/2978\/"}],"wp:attachment":[{"href":"https:\/\/www.agriturismoilcasale.net\/de\/wp-json\/wp\/v2\/media\/?parent=2973"}],"curies":[{"name":"wp","href":"https:\/\/api.w.org\/{rel}","templated":true}]}}